{"id":29532,"date":"2022-06-27T16:42:54","date_gmt":"2022-06-27T14:42:54","guid":{"rendered":"https:\/\/lacroixfederalemuriaux.ch\/unsere-geschichte\/"},"modified":"2025-03-20T16:23:18","modified_gmt":"2025-03-20T15:23:18","slug":"unsere-geschichte","status":"publish","type":"page","link":"https:\/\/lacroixfederalemuriaux.ch\/de\/unsere-geschichte\/","title":{"rendered":"Unsere Geschichte"},"content":{"rendered":"<p>[et_pb_section fb_built=\"1\" fullwidth=\"on\" disabled_on=\"off|off|off\" admin_label=\"Hero\" _builder_version=\"4.16\" _module_preset=\"default\" background_color=\"#1f1f1f\" parallax=\"on\" custom_padding=\"|||\" transparent_background=\"on\" global_colors_info=\"{}\"][et_pb_fullwidth_header title=\"Geschichte des Restaurants\" text_orientation=\"center\" background_overlay_color=\"rgba(31,31,31,0.85)\" subhead_font_color=\"#bebebe\" _builder_version=\"4.17.4\" _module_preset=\"default\" title_font=\"Playfair Display||||\" title_text_color=\"#ffffff\" title_font_size=\"72px\" title_line_height=\"1.3em\" content_font=\"Montserrat||||\" content_text_color=\"#bfbfbf\" content_font_size=\"19px\" content_line_height=\"1.8em\" subhead_font=\"Montserrat||||\" subhead_text_color=\"#bebebe\" subhead_line_height=\"1.8em\" background_color=\"rgba(255, 255, 255, 0)\" background_image=\"https:\/\/lacroixfederalemuriaux.ch\/wp-content\/uploads\/2022\/06\/restau.jpg\" custom_padding=\"5%||5%|\" animation_style=\"zoom\" animation_duration=\"1500ms\" animation_intensity_zoom=\"4%\" title_font_size_tablet=\"72px\" title_font_size_phone=\"56px\" title_font_size_last_edited=\"on|phone\" title_line_height_last_edited=\"off|desktop\" global_colors_info=\"{}\" button_one_text_size__hover_enabled=\"off\" button_two_text_size__hover_enabled=\"off\" button_one_text_color__hover_enabled=\"off\" button_two_text_color__hover_enabled=\"off\" button_one_border_width__hover_enabled=\"off\" button_two_border_width__hover_enabled=\"off\" button_one_border_color__hover_enabled=\"off\" button_two_border_color__hover_enabled=\"off\" button_one_border_radius__hover_enabled=\"off\" button_two_border_radius__hover_enabled=\"off\" button_one_letter_spacing__hover_enabled=\"off\" button_two_letter_spacing__hover_enabled=\"off\" button_one_bg_color__hover_enabled=\"off\" button_two_bg_color__hover_enabled=\"off\"][\/et_pb_fullwidth_header][\/et_pb_section][et_pb_section fb_built=\"1\" admin_label=\"Our Story\" _builder_version=\"4.16\" _module_preset=\"default\" background_color=\"#ffffff\" background_position=\"top_left\" custom_padding=\"30px|0px|100px|0px||\" collapsed=\"off\" global_colors_info=\"{}\"][et_pb_row _builder_version=\"4.16\" _module_preset=\"default\" background_size=\"initial\" background_position=\"top_left\" background_repeat=\"repeat\" custom_margin=\"|||\" custom_padding=\"|||\" global_colors_info=\"{}\"][et_pb_column type=\"4_4\" _builder_version=\"4.16\" _module_preset=\"default\" background_position=\"top_left\" custom_padding=\"|||\" global_colors_info=\"{}\" custom_padding__hover=\"|||\"][et_pb_divider show_divider=\"off\" _builder_version=\"4.16\" _module_preset=\"default\" max_width=\"60px\" module_alignment=\"left\" custom_margin=\"||10px|\" saved_tabs=\"all\" locked=\"off\" global_colors_info=\"{}\"][\/et_pb_divider][et_pb_text disabled_on=\"on|on|off\" _builder_version=\"4.17.4\" _module_preset=\"default\" text_font=\"||||||||\" header_font=\"||||||||\" header_2_font=\"Playfair Display||||\" header_2_font_size=\"48px\" header_2_line_height=\"1.3em\" background_size=\"initial\" background_position=\"top_left\" background_repeat=\"repeat\" text_orientation=\"center\" global_colors_info=\"{}\" header_font_size__hover=\"30px\" header_font_size__hover_enabled=\"30px\" header_letter_spacing__hover=\"0px\" header_letter_spacing__hover_enabled=\"0px\" header_text_shadow_style__hover=\"none\" header_text_shadow_style__hover_enabled=\"none\" header_text_shadow_color__hover=\"rgba(0,0,0,0.4)\" header_text_shadow_color__hover_enabled=\"rgba(0,0,0,0.4)\"]<\/p>\n<h2>Wo alles begann<\/h2>\n<p>[\/et_pb_text][et_pb_text _builder_version=\"4.25.2\" _module_preset=\"default\" text_font=\"Montserrat||||\" text_text_color=\"#939393\" text_font_size=\"17px\" text_line_height=\"1.8em\" header_font=\"||||\" background_size=\"initial\" background_position=\"top_left\" background_repeat=\"repeat\" custom_margin=\"||63px|||\" animation_style=\"slide\" animation_direction=\"top\" animation_intensity_slide=\"4%\" hover_enabled=\"0\" global_colors_info=\"{}\" sticky_enabled=\"0\"]<\/p>\n<p style=\"text-align: center;\">Die gew\u00f6lbte T\u00fcr hat einen Giebel mit einem Wappen und den Buchstaben <em>\"P:f\". <\/em>Der Giebel der Eingangst\u00fcr des Restaurants zeigt das Datum 1679 und den eingravierten Text \" <em>Dieu soit seant avec toute paix dant set maison, les biens sacris a tous jamais\". <\/em> <\/p>\n<p style=\"text-align: center;\">Dieses Geb\u00e4ude war sicherlich kein Bauernhof, denn der gro\u00dfe Keller, der \u00fcber die gesamte L\u00e4nge des Geb\u00e4udes (16 Meter) gew\u00f6lbt ist, war ohne Treppen von der gew\u00f6lbten T\u00fcr aus durch T\u00fcren zug\u00e4nglich, durch die ein Wagen fahren konnte. Dies veranlasste den Historiker Abb\u00e9 Prince du Noirmont zu der Aussage, dass es sich dabei mit Sicherheit um das Haus des Zehnten der F\u00fcrstbisch\u00f6fe handelte. (Steuer).<\/p>\n<p style=\"text-align: center;\">Au\u00dferdem best\u00e4tigt das geschnitzte Gesims, das das Erdgeschoss vom ersten Stock trennt, dass dieses Haus einen adligen Status hatte.<\/p>\n<p style=\"text-align: center;\">\u00c4ltere H\u00e4user finden sich in den Freibergen, 1518 in Muriaux, 1666 in Les Emibois, aber ihre bescheidene Fassade best\u00e4tigt ihren Status als Bauernhof.<\/p>\n<p style=\"text-align: center;\">Laut dem Dokument des Amtes f\u00fcr historisches Erbe aus dem Jahr 1754 kann man feststellen, dass es in der Gemeinde Muriaux kein Cabaret (Caf\u00e9) gab.<\/p>\n<p>[\/et_pb_text][et_pb_text disabled_on=\"on|on|off\" _builder_version=\"4.17.4\" _module_preset=\"default\" text_font=\"||||||||\" header_font=\"||||||||\" header_2_font=\"Playfair Display||||\" header_2_font_size=\"48px\" header_2_line_height=\"1.3em\" background_size=\"initial\" background_position=\"top_left\" background_repeat=\"repeat\" text_orientation=\"center\" global_colors_info=\"{}\" header_font_size__hover=\"30px\" header_font_size__hover_enabled=\"30px\" header_letter_spacing__hover=\"0px\" header_letter_spacing__hover_enabled=\"0px\" header_text_shadow_style__hover=\"none\" header_text_shadow_style__hover_enabled=\"none\" header_text_shadow_color__hover=\"rgba(0,0,0,0.4)\" header_text_shadow_color__hover_enabled=\"rgba(0,0,0,0.4)\"]<\/p>\n<h2>Filme, die im Croix F\u00e9d\u00e9rale in Muriaux gedreht wurden<\/h2>\n<p>[\/et_pb_text][et_pb_text _builder_version=\"4.17.4\" _module_preset=\"default\" text_font=\"Montserrat||||\" text_text_color=\"#939393\" text_font_size=\"17px\" text_line_height=\"1.8em\" header_font=\"||||\" background_size=\"initial\" background_position=\"top_left\" background_repeat=\"repeat\" animation_style=\"slide\" animation_direction=\"top\" animation_intensity_slide=\"4%\" global_colors_info=\"{}\"]<\/p>\n<p style=\"text-align: center;\">\n<p style=\"text-align: center;\">Da der Saal des Restaurants im Wiener Stil seit ca. 1920 nie ver\u00e4ndert wurde, wurde er als Drehort f\u00fcr mehrere Filme ausgew\u00e4hlt.<\/p>\n<p style=\"text-align: center;\">\" <strong>Pitschi Poi\" <\/strong>(Hebr\u00e4isch: Das gegebene Wort) wurde 1966 gedreht.<\/p>\n<p style=\"text-align: center;\">Regie: Roger Burkard<\/p>\n<p style=\"text-align: center;\">Darsteller: Georges Rouquier &amp; Georges Wod.<\/p>\n<p>&nbsp;<\/p>\n<p style=\"text-align: center;\">\" <strong>La meute\" <\/strong>wurde 1980 gedreht Regisseur: Yvan Butler<\/p>\n<p style=\"text-align: center;\">Schauspieler: der Jurassier Bernard Born<\/p>\n<p>&nbsp;<\/p>\n<p style=\"text-align: center;\">\" <strong>Der Tod von Mario Ricci\" <\/strong>wurde 1982 gedreht.<\/p>\n<p style=\"text-align: center;\">Regisseur: Claude Goretta<\/p>\n<p style=\"text-align: center;\">Schauspieler: Magali No\u00ebl &amp; Gian Maria Volont\u00e9<\/p>\n<p>[\/et_pb_text][\/et_pb_column][\/et_pb_row][\/et_pb_section]<\/p>\n","protected":false},"excerpt":{"rendered":"<p>Wo alles begannDie gew\u00f6lbte T\u00fcr hat einen Giebel mit einem Wappen und den Buchstaben \"P:f\". Der Giebel der Eingangst\u00fcr des Restaurants zeigt das Datum 1679 und den eingravierten Text \" Dieu soit seant avec toute paix dant set maison, les biens sacris a tous jamais\". Dieses Geb\u00e4ude war sicherlich kein Bauernhof, denn der gro\u00dfe Keller, [&hellip;]<\/p>\n","protected":false},"author":1,"featured_media":0,"parent":0,"menu_order":0,"comment_status":"closed","ping_status":"closed","template":"","meta":{"_et_pb_use_builder":"on","_et_pb_old_content":"","_et_gb_content_width":"","footnotes":""},"class_list":["post-29532","page","type-page","status-publish","hentry"],"_links":{"self":[{"href":"https:\/\/lacroixfederalemuriaux.ch\/de\/wp-json\/wp\/v2\/pages\/29532","targetHints":{"allow":["GET"]}}],"collection":[{"href":"https:\/\/lacroixfederalemuriaux.ch\/de\/wp-json\/wp\/v2\/pages"}],"about":[{"href":"https:\/\/lacroixfederalemuriaux.ch\/de\/wp-json\/wp\/v2\/types\/page"}],"author":[{"embeddable":true,"href":"https:\/\/lacroixfederalemuriaux.ch\/de\/wp-json\/wp\/v2\/users\/1"}],"replies":[{"embeddable":true,"href":"https:\/\/lacroixfederalemuriaux.ch\/de\/wp-json\/wp\/v2\/comments?post=29532"}],"version-history":[{"count":8,"href":"https:\/\/lacroixfederalemuriaux.ch\/de\/wp-json\/wp\/v2\/pages\/29532\/revisions"}],"predecessor-version":[{"id":30972,"href":"https:\/\/lacroixfederalemuriaux.ch\/de\/wp-json\/wp\/v2\/pages\/29532\/revisions\/30972"}],"wp:attachment":[{"href":"https:\/\/lacroixfederalemuriaux.ch\/de\/wp-json\/wp\/v2\/media?parent=29532"}],"curies":[{"name":"wp","href":"https:\/\/api.w.org\/{rel}","templated":true}]}}